{"id":5172,"date":"2025-09-19T11:29:52","date_gmt":"2025-09-19T08:29:52","guid":{"rendered":"https:\/\/delkatek.ee\/product\/visar-vsth-ipt4sd32ir300-thermal-ptz-camera-4mp-ir300m\/"},"modified":"2025-09-19T11:29:52","modified_gmt":"2025-09-19T08:29:52","slug":"visar-vsth-ipt4sd32ir300-thermal-ptz-camera-4mp-ir300m","status":"publish","type":"product","link":"https:\/\/delkatek.ee\/en\/product\/visar-vsth-ipt4sd32ir300-thermal-ptz-camera-4mp-ir300m\/","title":{"rendered":"Visar VSTh IPT4SD32IR300 thermal PTZ camera, 4MP, IR300m"},"content":{"rendered":"<h2 data-start=\"135\" data-end=\"194\"><strong data-start=\"135\" data-end=\"194\">VSTh IPT4SD32IR300 thermal PTZ camera (Speed Dome)<\/strong><\/h2>\n<p data-start=\"196\" data-end=\"456\">The VSTh IPT4SD32IR300 is a high-end combined thermal + PTZ camera that combines high quality and precision for various monitoring and security systems. The product is ideal for both night and day monitoring, providing excellent results even in challenging environments. <\/p>\n<p data-start=\"458\" data-end=\"475\"><strong data-start=\"458\" data-end=\"475\">Key features:<\/strong><\/p>\n<ul data-start=\"477\" data-end=\"2796\">\n<li data-start=\"477\" data-end=\"832\">\n<p data-start=\"479\" data-end=\"503\"><strong data-start=\"479\" data-end=\"503\">Thermal camera module:<\/strong><\/p>\n<ul data-start=\"506\" data-end=\"832\">\n<li data-start=\"506\" data-end=\"577\">\n<p data-start=\"508\" data-end=\"577\">Detector type: 12\u00b5m 384\u00d7288 Uncooled infrared focal plane detector<\/p>\n<\/li>\n<li data-start=\"580\" data-end=\"616\">\n<p data-start=\"582\" data-end=\"616\">Spectral range: 8 \u03bcm \u2013 14 \u03bcm<\/p>\n<\/li>\n<li data-start=\"619\" data-end=\"648\">\n<p data-start=\"621\" data-end=\"648\">NETD: \u226435mK (@25\u00b0C, F#=1.0)<\/p>\n<\/li>\n<li data-start=\"651\" data-end=\"685\">\n<p data-start=\"653\" data-end=\"685\">Fixed IRIS lens<\/p>\n<\/li>\n<li data-start=\"688\" data-end=\"726\">\n<p data-start=\"690\" data-end=\"726\">Lens focal length: 25mm @ F1.0<\/p>\n<\/li>\n<li data-start=\"729\" data-end=\"758\">\n<p data-start=\"731\" data-end=\"758\">Field of view (H\u00d7V): 10.5\u00b0\u00d77.9\u00b0<\/p>\n<\/li>\n<\/ul>\n<\/li>\n<li data-start=\"834\" data-end=\"1422\">\n<p data-start=\"836\" data-end=\"864\"><strong data-start=\"836\" data-end=\"864\">Optical camera module:<\/strong><\/p>\n<ul data-start=\"867\" data-end=\"1422\">\n<li data-start=\"867\" data-end=\"896\">\n<p data-start=\"869\" data-end=\"896\">Image sensor: 1\/2.8&#8243; CMOS<\/p>\n<\/li>\n<li data-start=\"899\" data-end=\"936\">\n<p data-start=\"901\" data-end=\"936\">Maximum resolution: 2560\u00d71440<\/p>\n<\/li>\n<li data-start=\"939\" data-end=\"1006\">\n<p data-start=\"941\" data-end=\"1006\">Electronic shutter: 50Hz: 1\/25s\u20131\/25,000s; 60Hz: 1\/30s\u20131\/30,000s<\/p>\n<\/li>\n<li data-start=\"1009\" data-end=\"1152\">\n<p data-start=\"1011\" data-end=\"1040\">Minimum illumination:<\/p>\n<ul data-start=\"1045\" data-end=\"1152\">\n<li data-start=\"1045\" data-end=\"1083\">\n<p data-start=\"1047\" data-end=\"1083\">Color: 0.01 Lux @(F1.65, AGC ON)<\/p>\n<\/li>\n<li data-start=\"1088\" data-end=\"1128\">\n<p data-start=\"1090\" data-end=\"1128\">B\/W: 0.002 Lux @(F1.65, AGC ON)<\/p>\n<\/li>\n<li data-start=\"1133\" data-end=\"1152\">\n<p data-start=\"1135\" data-end=\"1152\">0 Lux with IR<\/p>\n<\/li>\n<\/ul>\n<\/li>\n<li data-start=\"1155\" data-end=\"1201\">\n<p data-start=\"1157\" data-end=\"1201\">Focal length: f=4.8\u2013154mm, 32x optical zoom<\/p>\n<\/li>\n<li data-start=\"1204\" data-end=\"1307\">\n<p data-start=\"1206\" data-end=\"1307\">Field of view (H\u00d7V): Horizontal: 59.38\u00b0~ 2.28\u00b0; Vertical: 35.74\u00b0~ 1.29\u00b0; Diagonal: 66.28\u00b0~ 2.61\u00b0<\/p>\n<\/li>\n<li data-start=\"1310\" data-end=\"1348\">\n<p data-start=\"1312\" data-end=\"1348\">Aperture range: F1.65\u2013F4.70 (W-T)<\/p>\n<\/li>\n<li data-start=\"1351\" data-end=\"1381\">\n<p data-start=\"1353\" data-end=\"1381\">Focus: Auto\/Manual<\/p>\n<\/li>\n<li data-start=\"1384\" data-end=\"1422\">\n<p data-start=\"1386\" data-end=\"1422\">Zoom speed: approx. 4.4 seconds<\/p>\n<\/li>\n<\/ul>\n<\/li>\n<li data-start=\"1424\" data-end=\"1725\">\n<p data-start=\"1426\" data-end=\"1465\"><strong data-start=\"1426\" data-end=\"1465\">Video codec and storage:<\/strong><\/p>\n<ul data-start=\"1468\" data-end=\"1725\">\n<li data-start=\"1468\" data-end=\"1521\">\n<p data-start=\"1470\" data-end=\"1521\">H.265+\/H.265\/H.264+\/H.264\/MJPEG video compression<\/p>\n<\/li>\n<li data-start=\"1524\" data-end=\"1555\">\n<p data-start=\"1526\" data-end=\"1555\">Bitrate: 128 Kbps ~ 8 Mbps<\/p>\n<\/li>\n<li data-start=\"1558\" data-end=\"1623\">\n<p data-start=\"1560\" data-end=\"1623\">Optical resolution: 2560\u00d71440, 1920\u00d71080, 1280\u00d7960, 1280\u00d7720<\/p>\n<\/li>\n<li data-start=\"1626\" data-end=\"1659\">\n<p data-start=\"1628\" data-end=\"1659\">Thermal resolution: 384\u00d7288<\/p>\n<\/li>\n<li data-start=\"1662\" data-end=\"1725\">\n<p data-start=\"1664\" data-end=\"1725\">Storage: Built-in micro SD card slot (up to 256GB)<\/p>\n<\/li>\n<\/ul>\n<\/li>\n<li data-start=\"1727\" data-end=\"1911\">\n<p data-start=\"1729\" data-end=\"1760\"><strong data-start=\"1729\" data-end=\"1760\">Remote control and connectivity:<\/strong><\/p>\n<ul data-start=\"1763\" data-end=\"1911\">\n<li data-start=\"1763\" data-end=\"1805\">\n<p data-start=\"1765\" data-end=\"1805\">Web browser, NVMS\/NVR, mobile app<\/p>\n<\/li>\n<li data-start=\"1808\" data-end=\"1857\">\n<p data-start=\"1810\" data-end=\"1857\">Supports up to 10 simultaneous users<\/p>\n<\/li>\n<li data-start=\"1860\" data-end=\"1911\">\n<p data-start=\"1862\" data-end=\"1911\">Supports real-time multi-streaming<\/p>\n<\/li>\n<\/ul>\n<\/li>\n<li data-start=\"1913\" data-end=\"2281\">\n<p data-start=\"1915\" data-end=\"1947\"><strong data-start=\"1915\" data-end=\"1947\">Smart alarm and analytics:<\/strong><\/p>\n<ul data-start=\"1950\" data-end=\"2281\">\n<li data-start=\"1950\" data-end=\"2083\">\n<p data-start=\"1952\" data-end=\"2083\">Optical: intrusion, entry, exit, line crossing, object counting (human, motor vehicle, non-motor vehicle)<\/p>\n<\/li>\n<li data-start=\"2086\" data-end=\"2204\">\n<p data-start=\"2088\" data-end=\"2204\">Thermal: fire detection, temperature exception alarm, intrusion, line crossing (human, motor vehicle)<\/p>\n<\/li>\n<li data-start=\"2207\" data-end=\"2281\">\n<p data-start=\"2209\" data-end=\"2281\">Supports simultaneous AI functions for both optical and thermal channels<\/p>\n<\/li>\n<\/ul>\n<\/li>\n<li data-start=\"2283\" data-end=\"2451\">\n<p data-start=\"2285\" data-end=\"2319\"><strong data-start=\"2285\" data-end=\"2319\">Network protocols and interfaces:<\/strong><\/p>\n<ul data-start=\"2322\" data-end=\"2451\">\n<li data-start=\"2322\" data-end=\"2434\">\n<p data-start=\"2324\" data-end=\"2434\">UDP, IPv4, IPv6, DHCP, NTP, RTSP, PPPoE, DDNS, SMTP, FTP, RTMP, SNMP, 802.1x, UPnP, HTTPS, HTTP POST, P2P, QoS<\/p>\n<\/li>\n<li data-start=\"2437\" data-end=\"2451\">\n<p data-start=\"2439\" data-end=\"2451\">ONVIF interface<\/p>\n<\/li>\n<\/ul>\n<\/li>\n<li data-start=\"2453\" data-end=\"2662\">\n<p data-start=\"2455\" data-end=\"2473\"><strong data-start=\"2455\" data-end=\"2473\">Operating conditions:<\/strong><\/p>\n<ul data-start=\"2476\" data-end=\"2662\">\n<li data-start=\"2476\" data-end=\"2526\">\n<p data-start=\"2478\" data-end=\"2526\">Operating environment: -30\u00b0C ~ 60\u00b0C; 95%<\/p>\n<\/li>\n<li data-start=\"2529\" data-end=\"2582\">\n<p data-start=\"2531\" data-end=\"2582\">Power: AC24V\/DC24V, 2500mA or PoE++ (IEEE802.3.bt)<\/p>\n<\/li>\n<li data-start=\"2585\" data-end=\"2642\">\n<p data-start=\"2587\" data-end=\"2642\">Average power consumption: 24W, maximum 35W (incl. IR 12W)<\/p>\n<\/li>\n<li data-start=\"2645\" data-end=\"2662\">\n<p data-start=\"2647\" data-end=\"2662\">IP66 waterproof rating<\/p>\n<\/li>\n<\/ul>\n<\/li>\n<li data-start=\"2664\" data-end=\"2796\">\n<p data-start=\"2666\" data-end=\"2683\"><strong data-start=\"2666\" data-end=\"2683\">General information:<\/strong><\/p>\n<ul data-start=\"2686\" data-end=\"2796\">\n<li data-start=\"2686\" data-end=\"2721\">\n<p data-start=\"2688\" data-end=\"2721\">Installation: wall and ceiling<\/p>\n<\/li>\n<li data-start=\"2724\" data-end=\"2748\">\n<p data-start=\"2726\" data-end=\"2748\">Certificates: CE, FCC<\/p>\n<\/li>\n<li data-start=\"2751\" data-end=\"2773\">\n<p data-start=\"2753\" data-end=\"2773\">Dimensions: 302 \u00d7 197 mm<\/p>\n<\/li>\n<li data-start=\"2776\" data-end=\"2796\">\n<p data-start=\"2778\" data-end=\"2796\">Weight (approx.): 3 kg<\/p>\n<\/li>\n<\/ul>\n<\/li>\n<\/ul>\n<p data-start=\"2798\" data-end=\"2845\"><strong data-start=\"2798\" data-end=\"2845\">Customized solutions and flexible connectivity<\/strong><\/p>\n<p><a href=\"https:\/\/delkatek.ee\/wp-content\/uploads\/2025\/09\/VSTh-IPT4SD32IR300.pdf\">Product Sheet<\/a><\/p>\n","protected":false},"excerpt":{"rendered":"<p data-start=\"72\" data-end=\"143\">The <strong>VSTh IPT4SD32IR300<\/strong> thermal PTZ camera provides reliable and accurate monitoring even in extreme operating conditions, making it an ideal choice for surveillance of large areas such as ports, airports, large industrial areas, border control, and other security sites.<\/p>\n","protected":false},"featured_media":2685,"comment_status":"open","ping_status":"closed","template":"","meta":{"_acf_changed":false,"_price":"4185","_stock":"0.000000","_tribe_ticket_header":"","_tribe_default_ticket_provider":"","_tribe_ticket_capacity":"","_ticket_start_date":"","_ticket_end_date":"","_tribe_ticket_show_description":"","_tribe_ticket_show_not_going":false,"_tribe_ticket_use_global_stock":"","_tribe_ticket_global_stock_level":"","_global_stock_mode":"","_global_stock_cap":"","_tribe_rsvp_for_event":"","_tribe_ticket_going_count":"","_tribe_ticket_not_going_count":"","_tribe_tickets_list":"[]","_tribe_ticket_has_attendee_info_fields":false,"_EventAllDay":false,"_EventTimezone":"","_EventStartDate":"","_EventEndDate":"","_EventStartDateUTC":"","_EventEndDateUTC":"","_EventShowMap":false,"_EventShowMapLink":false,"_EventURL":"","_EventCost":"","_EventCostDescription":"","_EventCurrencySymbol":"","_EventCurrencyCode":"","_EventCurrencyPosition":"","_EventDateTimeSeparator":"","_EventTimeRangeSeparator":"","_EventOrganizerID":[],"_EventVenueID":[],"_OrganizerEmail":"","_OrganizerPhone":"","_OrganizerWebsite":"","_VenueAddress":"","_VenueCity":"","_VenueCountry":"","_VenueProvince":"","_VenueState":"","_VenueZip":"","_VenuePhone":"","_VenueURL":"","_VenueStateProvince":"","_VenueLat":"","_VenueLng":"","_VenueShowMap":false,"_VenueShowMapLink":false},"product_brand":[],"product_cat":[436,449,291,349],"product_tag":[],"class_list":{"0":"post-5172","1":"product","2":"type-product","3":"status-publish","4":"has-post-thumbnail","6":"product_cat-ptz-cameras-2","7":"product_cat-special-cameras","8":"product_cat-video-surveillance","9":"product_cat-visar","11":"first","12":"outofstock","13":"taxable","14":"shipping-taxable","15":"purchasable","16":"product-type-simple"},"acf":[],"aioseo_notices":[],"_links":{"self":[{"href":"https:\/\/delkatek.ee\/en\/wp-json\/wp\/v2\/product\/5172","targetHints":{"allow":["GET"]}}],"collection":[{"href":"https:\/\/delkatek.ee\/en\/wp-json\/wp\/v2\/product"}],"about":[{"href":"https:\/\/delkatek.ee\/en\/wp-json\/wp\/v2\/types\/product"}],"replies":[{"embeddable":true,"href":"https:\/\/delkatek.ee\/en\/wp-json\/wp\/v2\/comments?post=5172"}],"wp:featuredmedia":[{"embeddable":true,"href":"https:\/\/delkatek.ee\/en\/wp-json\/wp\/v2\/media\/2685"}],"wp:attachment":[{"href":"https:\/\/delkatek.ee\/en\/wp-json\/wp\/v2\/media?parent=5172"}],"wp:term":[{"taxonomy":"product_brand","embeddable":true,"href":"https:\/\/delkatek.ee\/en\/wp-json\/wp\/v2\/product_brand?post=5172"},{"taxonomy":"product_cat","embeddable":true,"href":"https:\/\/delkatek.ee\/en\/wp-json\/wp\/v2\/product_cat?post=5172"},{"taxonomy":"product_tag","embeddable":true,"href":"https:\/\/delkatek.ee\/en\/wp-json\/wp\/v2\/product_tag?post=5172"}],"curies":[{"name":"wp","href":"https:\/\/api.w.org\/{rel}","templated":true}]}}