{"id":5174,"date":"2026-01-06T12:46:42","date_gmt":"2026-01-06T10:46:42","guid":{"rendered":"https:\/\/delkatek.ee\/product\/visar-vsc-ipt4vddlf28-ip-turret-camera-4mp-2-8mm-dual-light\/"},"modified":"2026-01-06T12:46:42","modified_gmt":"2026-01-06T10:46:42","slug":"visar-vsc-ipt4vddlf28-ip-turret-camera-4mp-2-8mm-dual-light","status":"publish","type":"product","link":"https:\/\/delkatek.ee\/en\/product\/visar-vsc-ipt4vddlf28-ip-turret-camera-4mp-2-8mm-dual-light\/","title":{"rendered":"Visar VSC IPT4VDDLF28 IP turret camera 4MP, 2.8mm, Dual Light"},"content":{"rendered":"<p data-start=\"0\" data-end=\"272\"><strong>VSC IPT4VDDLF28<\/strong> is a 4 MP weatherproof dome-type network camera.<\/p>\n<p data-start=\"0\" data-end=\"272\">Supports H.265+\/H.265\/H.264+\/H.264\/MJPEG encoding, dual video streams, automatic day\/night mode (ICR), 3D DNR, digital WDR, BLC, HLC, ROI encoding, and smart supplement lighting (Dual Light &#8211; IR and white light).<\/p>\n<p data-start=\"274\" data-end=\"512\">The camera is available with a fixed 2.8 mm lens. IR and white light range is 10\u201320 m. <\/p>\n<p data-start=\"274\" data-end=\"512\">Built-in microphone, IP67 protection, power via DC 12 V or PoE. Supports smart motion detection and human VCA events. <\/p>\n<p data-start=\"514\" data-end=\"549\" data-is-last-node=\"\" data-is-only-node=\"\">Operating temperature: \u221230 \u00b0C to +60 \u00b0C.<\/p>\n<p data-start=\"514\" data-end=\"549\" data-is-last-node=\"\" data-is-only-node=\"\"><strong>Technical Specifications:<\/strong><\/p>\n<p data-start=\"42\" data-end=\"622\"><strong data-start=\"56\" data-end=\"72\">Image sensor:<\/strong> 1\/3&#8243; CMOS<br data-start=\"82\" data-end=\"85\"><strong data-start=\"85\" data-end=\"102\">Image size:<\/strong> 4 MP (2560 \u00d7 1440)<br data-start=\"121\" data-end=\"124\"><strong data-start=\"124\" data-end=\"149\">Electronic shutter:<\/strong> 1\/3 s ~ 1\/100000 s<br data-start=\"168\" data-end=\"171\"><strong data-start=\"171\" data-end=\"187\">Iris type:<\/strong> fixed iris<br data-start=\"205\" data-end=\"208\"><strong data-start=\"208\" data-end=\"234\">Min. illumination:<\/strong> 0.09 lux @ F2.2, AGC on; 0 lux with light on<br data-start=\"296\" data-end=\"299\"><strong data-start=\"299\" data-end=\"323\">Lens mount:<\/strong> M12<br data-start=\"327\" data-end=\"330\"><strong data-start=\"330\" data-end=\"342\">Day\/night:<\/strong> ICR<br data-start=\"346\" data-end=\"349\"><strong data-start=\"349\" data-end=\"360\">Focus:<\/strong> fixed<br data-start=\"372\" data-end=\"375\"><strong data-start=\"375\" data-end=\"383\">WDR:<\/strong> digital WDR<br data-start=\"398\" data-end=\"401\"><strong data-start=\"401\" data-end=\"415\">BLC \/ HLC:<\/strong> yes \/ yes<br data-start=\"425\" data-end=\"428\"><strong data-start=\"428\" data-end=\"451\">Adjustment angles:<\/strong> pan: 0\u00b0\u2013360\u00b0; tilt: 0\u00b0\u201375\u00b0; rotation: 0\u00b0\u2013360\u00b0<br data-start=\"519\" data-end=\"522\"><strong data-start=\"522\" data-end=\"548\">S\/N ratio:<\/strong> \u2265 50 dB<br data-start=\"556\" data-end=\"559\"><strong data-start=\"559\" data-end=\"585\">Supplement light range:<\/strong> IR: 10\u201320 m; white light: 10\u201320 m<\/p>\n<p data-start=\"624\" data-end=\"749\"><strong data-start=\"624\" data-end=\"637\">Lens<\/strong><br data-start=\"637\" data-end=\"640\">\u2013 2.8 mm @ F2.2 (H: 96\u00b0, V: 53.7\u00b0, D: 112\u00b0)<br data-start=\"698\" data-end=\"701\"><strong data-start=\"751\" data-end=\"776\">DORI distance (2.8 mm):<\/strong> detection 57 m; observation 23 m; recognition 11 m; identification 6 m<\/p>\n<p data-start=\"624\" data-end=\"749\"><strong data-start=\"952\" data-end=\"960\">Image<\/strong><br data-start=\"960\" data-end=\"963\"><strong data-start=\"963\" data-end=\"971\">DNR:<\/strong> 3D DNR<br data-start=\"978\" data-end=\"981\"><strong data-start=\"981\" data-end=\"997\">Image settings:<\/strong> ROI, saturation, brightness, hue, contrast, wide dynamic, sharpness, mirror, image rotation, noise reduction, etc.; adjustable via client or web browser<br data-start=\"1148\" data-end=\"1151\"><strong data-start=\"1151\" data-end=\"1159\">ROI (Region of Interest):<\/strong> each ROI area separately configurable<\/p>\n<p data-start=\"1194\" data-end=\"1752\"><strong data-start=\"1194\" data-end=\"1203\">Video<\/strong><br data-start=\"1203\" data-end=\"1206\"><strong data-start=\"1206\" data-end=\"1220\">Encoding:<\/strong><br data-start=\"1220\" data-end=\"1223\">\u2013 main stream: H.265+\/H.265\/H.264+\/H.264<br data-start=\"1260\" data-end=\"1263\">\u2013 sub stream: H.265+\/H.265\/H.264+\/H.264\/MJPEG<br data-start=\"1306\" data-end=\"1309\"><strong data-start=\"1309\" data-end=\"1328\">H.265 standard:<\/strong> Main Profile @ Level 4.1 High Tier<br data-start=\"1363\" data-end=\"1366\"><strong data-start=\"1366\" data-end=\"1385\">Resolutions:<\/strong> 4 MP (2560\u00d71440), 3 MP (2304\u00d71296), 1080p (1920\u00d71080), 720p (1280\u00d7720), D1, VGA (640\u00d7480), 480\u00d7240, CIF<br data-start=\"1489\" data-end=\"1492\"><strong data-start=\"1492\" data-end=\"1505\">Main stream:<\/strong> 4 MP \/ 3 MP \/ 1080p \/ 720p (60 Hz: 1\u201330 fps; 50 Hz: 1\u201325 fps)<br data-start=\"1567\" data-end=\"1570\" data-is-only-node=\"\"><strong data-start=\"1570\" data-end=\"1583\">Sub stream:<\/strong> D1 \/ VGA \/ 480\u00d7240 \/ CIF (60 Hz: 1\u201330 fps; 50 Hz: 1\u201325 fps)<br data-start=\"1643\" data-end=\"1646\"><strong data-start=\"1646\" data-end=\"1667\">Bit rate type:<\/strong> VBR \/ CBR<br data-start=\"1677\" data-end=\"1680\"><strong data-start=\"1680\" data-end=\"1695\">Bit rate:<\/strong> 64 kbps ~ 3 Mbps<br data-start=\"1712\" data-end=\"1715\"><strong data-start=\"1715\" data-end=\"1734\">Audio compression:<\/strong> G.711A \/ G.711U<\/p>\n<p data-start=\"1754\" data-end=\"1919\"><strong data-start=\"1754\" data-end=\"1766\">Interfaces<\/strong><br data-start=\"1766\" data-end=\"1769\"><strong data-start=\"1769\" data-end=\"1778\">Network:<\/strong> RJ45<br data-start=\"1783\" data-end=\"1786\"><strong data-start=\"1786\" data-end=\"1795\">Audio:<\/strong> 1 channel, built-in microphone<br data-start=\"1827\" data-end=\"1830\"><strong data-start=\"1830\" data-end=\"1848\">Video output:<\/strong> none<br data-start=\"1855\" data-end=\"1858\"><strong data-start=\"1858\" data-end=\"1872\">Storage:<\/strong> remote network storage<br data-start=\"1893\" data-end=\"1896\"><strong data-start=\"1896\" data-end=\"1910\">Reset:<\/strong> none<\/p>\n<p data-start=\"1921\" data-end=\"2636\"><strong data-start=\"1921\" data-end=\"1937\">Functions<\/strong><br data-start=\"1937\" data-end=\"1940\"><strong data-start=\"1940\" data-end=\"1958\">Remote monitoring:<\/strong> web browser \/ NVR \/ NVMS 2.X \/ mobile app<br data-start=\"2006\" data-end=\"2009\"><strong data-start=\"2009\" data-end=\"2031\">Simultaneous connection:<\/strong> up to 3 users; multi-stream transmission<br data-start=\"2067\" data-end=\"2070\"><strong data-start=\"2070\" data-end=\"2091\">Network protocols:<\/strong> UDP, IPv4, IPv6, DHCP, NTP, RTSP, 802.1x, HTTP<br data-start=\"2138\" data-end=\"2141\"><strong data-start=\"2141\" data-end=\"2163\">Interface protocol:<\/strong> ONVIF<br data-start=\"2169\" data-end=\"2172\"><strong data-start=\"2172\" data-end=\"2194\">Smart events:<\/strong> (human) line crossing \/ area intrusion detection<br data-start=\"2246\" data-end=\"2249\"><strong data-start=\"2249\" data-end=\"2270\">Motion detection:<\/strong> smart motion detection; filters out non-human interference<br data-start=\"2339\" data-end=\"2342\"><strong data-start=\"2342\" data-end=\"2357\">Security:<\/strong> video, firmware and settings encryption; illegal login lockout; IP filtering; 802.1x; HTTP basic\/digest authentication; watermark; video mask; heartbeat<br data-start=\"2530\" data-end=\"2533\"><strong data-start=\"2533\" data-end=\"2553\">Browser support:<\/strong> IE11 (plugin required), Chrome 89.0+, Edge 89.0+, Firefox 87.0+, Safari 14.0+<\/p>\n<p data-start=\"2638\" data-end=\"2749\"><strong data-start=\"2638\" data-end=\"2657\">Power and protection<\/strong><br data-start=\"2657\" data-end=\"2660\"><strong data-start=\"2660\" data-end=\"2670\">Power supply:<\/strong> DC 12 V \/ PoE (IEEE 802.3af)<br data-start=\"2699\" data-end=\"2702\"><strong data-start=\"2702\" data-end=\"2717\">Power consumption:<\/strong> &lt; 5 W<br data-start=\"2723\" data-end=\"2726\"><strong data-start=\"2726\" data-end=\"2742\">Protection class:<\/strong> IP67<\/p>\n<p data-start=\"2751\" data-end=\"2900\"><strong data-start=\"2751\" data-end=\"2763\">Environment<\/strong><br data-start=\"2763\" data-end=\"2766\"><strong data-start=\"2766\" data-end=\"2784\">Operating conditions:<\/strong> \u221230 \u00b0C ~ +60 \u00b0C; &lt; 95% RH (non-condensing)<\/p>\n<p data-start=\"2751\" data-end=\"2900\"><br data-start=\"2830\" data-end=\"2833\"><strong data-start=\"2902\" data-end=\"2925\">Installation and dimensions<\/strong><br data-start=\"2925\" data-end=\"2928\"><strong data-start=\"2928\" data-end=\"2942\">Installation:<\/strong> ceiling or wall mount<br data-start=\"2966\" data-end=\"2969\"><strong data-start=\"2969\" data-end=\"2980\">Dimensions:<\/strong> \u00d894.6 \u00d7 82.8 mm<br data-start=\"2996\" data-end=\"2999\"><strong data-start=\"2999\" data-end=\"3008\">Weight:<\/strong> approx. 0.42 kg<\/p>\n<p data-start=\"3022\" data-end=\"3152\" data-is-last-node=\"\" data-is-only-node=\"\"><strong data-start=\"3022\" data-end=\"3051\">Certificates and compliance<\/strong><br data-start=\"3051\" data-end=\"3054\"><strong data-start=\"3054\" data-end=\"3072\">Certificates:<\/strong> CE, FCC<br data-start=\"3080\" data-end=\"3083\"><strong data-start=\"3083\" data-end=\"3096\">Compliance:<\/strong> RoHS; WEEE (2012\/19\/EU); 94\/62\/EC; REACH (EC 1907\/2006)<\/p>\n<p data-start=\"3022\" data-end=\"3152\" data-is-last-node=\"\" data-is-only-node=\"\"><a href=\"https:\/\/www.visarcctv.com\/files\/pdf\/vsc-ipt4vddlf28.pdf\"><strong>Product Sheet<\/strong><\/a><\/p>\n","protected":false},"excerpt":{"rendered":"<p>VSC IPT4VDDLF28 turret camera, 2.8 mm, Dual Light, white<\/p>\n","protected":false},"featured_media":3748,"comment_status":"closed","ping_status":"closed","template":"","meta":{"_acf_changed":false,"_price":"78","_stock":"10","_tribe_ticket_header":"","_tribe_default_ticket_provider":"","_tribe_ticket_capacity":"","_ticket_start_date":"","_ticket_end_date":"","_tribe_ticket_show_description":"","_tribe_ticket_show_not_going":false,"_tribe_ticket_use_global_stock":"","_tribe_ticket_global_stock_level":"","_global_stock_mode":"","_global_stock_cap":"","_tribe_rsvp_for_event":"","_tribe_ticket_going_count":"","_tribe_ticket_not_going_count":"","_tribe_tickets_list":"[]","_tribe_ticket_has_attendee_info_fields":false,"_EventAllDay":false,"_EventTimezone":"","_EventStartDate":"","_EventEndDate":"","_EventStartDateUTC":"","_EventEndDateUTC":"","_EventShowMap":false,"_EventShowMapLink":false,"_EventURL":"","_EventCost":"","_EventCostDescription":"","_EventCurrencySymbol":"","_EventCurrencyCode":"","_EventCurrencyPosition":"","_EventDateTimeSeparator":"","_EventTimeRangeSeparator":"","_EventOrganizerID":[],"_EventVenueID":[],"_OrganizerEmail":"","_OrganizerPhone":"","_OrganizerWebsite":"","_VenueAddress":"","_VenueCity":"","_VenueCountry":"","_VenueProvince":"","_VenueState":"","_VenueZip":"","_VenuePhone":"","_VenueURL":"","_VenueStateProvince":"","_VenueLat":"","_VenueLng":"","_VenueShowMap":false,"_VenueShowMapLink":false},"product_brand":[],"product_cat":[352,423,291,349],"product_tag":[],"class_list":{"0":"post-5174","1":"product","2":"type-product","3":"status-publish","4":"has-post-thumbnail","6":"product_cat-lite","7":"product_cat-turret-cameras","8":"product_cat-video-surveillance","9":"product_cat-visar","11":"first","12":"instock","13":"taxable","14":"shipping-taxable","15":"purchasable","16":"product-type-simple"},"acf":[],"aioseo_notices":[],"_links":{"self":[{"href":"https:\/\/delkatek.ee\/en\/wp-json\/wp\/v2\/product\/5174","targetHints":{"allow":["GET"]}}],"collection":[{"href":"https:\/\/delkatek.ee\/en\/wp-json\/wp\/v2\/product"}],"about":[{"href":"https:\/\/delkatek.ee\/en\/wp-json\/wp\/v2\/types\/product"}],"replies":[{"embeddable":true,"href":"https:\/\/delkatek.ee\/en\/wp-json\/wp\/v2\/comments?post=5174"}],"wp:featuredmedia":[{"embeddable":true,"href":"https:\/\/delkatek.ee\/en\/wp-json\/wp\/v2\/media\/3748"}],"wp:attachment":[{"href":"https:\/\/delkatek.ee\/en\/wp-json\/wp\/v2\/media?parent=5174"}],"wp:term":[{"taxonomy":"product_brand","embeddable":true,"href":"https:\/\/delkatek.ee\/en\/wp-json\/wp\/v2\/product_brand?post=5174"},{"taxonomy":"product_cat","embeddable":true,"href":"https:\/\/delkatek.ee\/en\/wp-json\/wp\/v2\/product_cat?post=5174"},{"taxonomy":"product_tag","embeddable":true,"href":"https:\/\/delkatek.ee\/en\/wp-json\/wp\/v2\/product_tag?post=5174"}],"curies":[{"name":"wp","href":"https:\/\/api.w.org\/{rel}","templated":true}]}}