{"id":6003,"date":"2026-03-23T16:47:04","date_gmt":"2026-03-23T14:47:04","guid":{"rendered":"https:\/\/delkatek.ee\/?post_type=product&#038;p=6003"},"modified":"2026-04-04T01:01:17","modified_gmt":"2026-04-03T22:01:17","slug":"akuvox-s567g-10-android-fono-sisemonitor","status":"publish","type":"product","link":"https:\/\/delkatek.ee\/en\/product\/akuvox-s567g-10-android-fono-sisemonitor\/","title":{"rendered":"Akuvox S567G 10&#8243; Android fono sisemonitor"},"content":{"rendered":"<h1 data-start=\"79\" data-end=\"125\"><strong data-start=\"79\" data-end=\"123\">Puutetundliku ekraaniga 10-tolline Android fono sisemonitor<\/strong><\/h1>\n<p data-start=\"127\" data-end=\"761\">Akuvox S567G on Android 12 operatsioonis\u00fcsteemil t\u00f6\u00f6tav 10-tolline SIP sisemonitor, mis sobib heli- ja videok\u00f5nedeks fono uksepaneelidega.<br data-start=\"297\" data-end=\"300\" \/>Seadmel on 4 k\u00f5larit ja k\u00f5rge lahutusv\u00f5imega puuteekraan, mis tagavad v\u00e4ga hea audiovisuaalse suhtluskogemuse.<\/p>\n<p data-start=\"127\" data-end=\"761\">T\u00e4nu Androidi platvormile saab seadmesse paigaldada ka muid rakendusi, n\u00e4iteks targa maja juhtimiseks v\u00f5i valves\u00fcsteemide haldamiseks.<br data-start=\"519\" data-end=\"522\" \/>Seadet saab paigaldada nii pinnapealselt seinale kui ka kasutada laual koos spetsiaalse lauakinnitusega (desktop bracket).<\/p>\n<p data-start=\"127\" data-end=\"761\">T\u00f6\u00f6tab PoE v\u00f5i v\u00e4lise toiteallikaga. Totetab Wifi-t.<\/p>\n<p data-start=\"127\" data-end=\"761\">Sisseehitatud h\u00e4\u00e4lemoonutuse funktsioon v\u00f5imaldab muuta kasutaja h\u00e4\u00e4lt, n\u00e4iteks kui laps on \u00fcksi kodus, saab ta vastata uksek\u00f5nele t\u00e4iskasvanu h\u00e4\u00e4lega.<br \/>\nSisseehitatud h\u00e4\u00e4ljuhtimise assistendi abil saab vastata uksek\u00f5nedele ja juhtida seadme funktsioone ilma ekraani puudutamata (ainult inglise keeles).<\/p>\n<p data-start=\"127\" data-end=\"761\"><strong>Kompaktne ja stiilne korpus sobib h\u00e4sti kaasaegsesse elukeskkonda, nii korteritesse, eramajadesse kui ka kontoritesse.<\/strong><\/p>\n<p data-start=\"127\" data-end=\"761\"><strong>Monitori parameetrid:<\/strong><\/p>\n<ul>\n<li data-start=\"127\" data-end=\"761\">Material: Plast<\/li>\n<li data-start=\"127\" data-end=\"761\">RAM \/ ROM: 4GB \/ 16GB<\/li>\n<li data-start=\"127\" data-end=\"761\">Ekraan: 10 tolli IPS LCD, lahutusv\u00f5ime: 1280\u00d7800<\/li>\n<li data-start=\"127\" data-end=\"761\">Heledus: 290 cd\/m\u00b2<\/li>\n<li data-start=\"127\" data-end=\"761\">Kontrast: 900:1<\/li>\n<li data-start=\"127\" data-end=\"761\">Puutetundlik<\/li>\n<li>LAN pordid: 2xRJ45, 10\/100Mbps adaptive<\/li>\n<li>Akuvox Cloud: toetab<\/li>\n<li data-start=\"127\" data-end=\"761\">Relee v\u00e4ljund: 1<\/li>\n<li data-start=\"127\" data-end=\"761\">Kella sisend: 1<\/li>\n<li data-start=\"127\" data-end=\"761\">Alarmi Sisend: 8<\/li>\n<li data-start=\"127\" data-end=\"761\">Wifi: IEEE802.11 b\/g\/n\/ax<\/li>\n<li data-start=\"127\" data-end=\"761\">Bluetooth: 5.0<\/li>\n<li data-start=\"127\" data-end=\"761\">RS485<\/li>\n<li data-start=\"127\" data-end=\"761\">POE: 802.3af Power-over-Ethernet<\/li>\n<li data-start=\"127\" data-end=\"761\">12V DC connector (kui POE ei kasutata)<\/li>\n<li data-start=\"127\" data-end=\"761\">Paigaldus: s\u00fcvis \/ lauapealne (lauakinnitusega)<\/li>\n<li data-start=\"127\" data-end=\"761\">M\u00f5\u00f5dud: 278.5 x 165.1 x 22.8mm<\/li>\n<li data-start=\"127\" data-end=\"761\">Android 12 Google Certified (toetab Google Play-d)<\/li>\n<\/ul>\n<p data-start=\"127\" data-end=\"761\">Tooteleht: <a href=\"https:\/\/delkatek.ee\/wp-content\/uploads\/2026\/03\/Akuvox-S567G-Datasheet_251121_V3.0.pdf\">Akuvox S567G Datasheet_251121_V3.0<\/a><\/p>\n<p>Tootja koduleht:\u00a0<a href=\"https:\/\/www.akuvox.com\/productsDisp?pid=82\" target=\"_blank\" rel=\"noopener\">S567 \u2013 Akuvox<\/a><\/p>\n<p>Video:\u00a0<a href=\"https:\/\/youtu.be\/b9IyLlHwo1w\" target=\"_blank\" rel=\"noopener\">S567-Akuvox<\/a><\/p>\n","protected":false},"excerpt":{"rendered":"<p>Akuvox S567G 10&#8243; Android fono monitor, wifi, Bluetooth, POE, 1x relee,\u00a0 Bell in, 8x alarmiv\u00e4ljundit, s\u00fcvispaigaldus<\/p>\n","protected":false},"featured_media":6005,"comment_status":"closed","ping_status":"closed","template":"","meta":{"_acf_changed":false,"_price":"611","_stock":"10","_tribe_ticket_header":"","_tribe_default_ticket_provider":"","_tribe_ticket_capacity":"","_ticket_start_date":"","_ticket_end_date":"","_tribe_ticket_show_description":"","_tribe_ticket_show_not_going":false,"_tribe_ticket_use_global_stock":"","_tribe_ticket_global_stock_level":"","_global_stock_mode":"","_global_stock_cap":"","_tribe_rsvp_for_event":"","_tribe_ticket_going_count":"","_tribe_ticket_not_going_count":"","_tribe_tickets_list":"[]","_tribe_ticket_has_attendee_info_fields":false,"_EventAllDay":false,"_EventTimezone":"","_EventStartDate":"","_EventEndDate":"","_EventStartDateUTC":"","_EventEndDateUTC":"","_EventShowMap":false,"_EventShowMapLink":false,"_EventURL":"","_EventCost":"","_EventCostDescription":"","_EventCurrencySymbol":"","_EventCurrencyCode":"","_EventCurrencyPosition":"","_EventDateTimeSeparator":"","_EventTimeRangeSeparator":"","_EventOrganizerID":[],"_EventVenueID":[],"_OrganizerEmail":"","_OrganizerPhone":"","_OrganizerWebsite":"","_VenueAddress":"","_VenueCity":"","_VenueCountry":"","_VenueProvince":"","_VenueState":"","_VenueZip":"","_VenuePhone":"","_VenueURL":"","_VenueStateProvince":"","_VenueLat":"","_VenueLng":"","_VenueShowMap":false,"_VenueShowMapLink":false},"product_brand":[],"product_cat":[303,398],"product_tag":[],"class_list":{"0":"post-6003","1":"product","2":"type-product","3":"status-publish","4":"has-post-thumbnail","6":"product_cat-akuvox","7":"product_cat-intercom-monitors","9":"first","10":"instock","11":"taxable","12":"shipping-taxable","13":"purchasable","14":"product-type-simple"},"acf":[],"aioseo_notices":[],"_links":{"self":[{"href":"https:\/\/delkatek.ee\/en\/wp-json\/wp\/v2\/product\/6003","targetHints":{"allow":["GET"]}}],"collection":[{"href":"https:\/\/delkatek.ee\/en\/wp-json\/wp\/v2\/product"}],"about":[{"href":"https:\/\/delkatek.ee\/en\/wp-json\/wp\/v2\/types\/product"}],"replies":[{"embeddable":true,"href":"https:\/\/delkatek.ee\/en\/wp-json\/wp\/v2\/comments?post=6003"}],"wp:featuredmedia":[{"embeddable":true,"href":"https:\/\/delkatek.ee\/en\/wp-json\/wp\/v2\/media\/6005"}],"wp:attachment":[{"href":"https:\/\/delkatek.ee\/en\/wp-json\/wp\/v2\/media?parent=6003"}],"wp:term":[{"taxonomy":"product_brand","embeddable":true,"href":"https:\/\/delkatek.ee\/en\/wp-json\/wp\/v2\/product_brand?post=6003"},{"taxonomy":"product_cat","embeddable":true,"href":"https:\/\/delkatek.ee\/en\/wp-json\/wp\/v2\/product_cat?post=6003"},{"taxonomy":"product_tag","embeddable":true,"href":"https:\/\/delkatek.ee\/en\/wp-json\/wp\/v2\/product_tag?post=6003"}],"curies":[{"name":"wp","href":"https:\/\/api.w.org\/{rel}","templated":true}]}}