{"id":6104,"date":"2026-03-30T13:11:20","date_gmt":"2026-03-30T10:11:20","guid":{"rendered":"https:\/\/delkatek.ee\/product\/actulux-wind-and-rain-sensor-24-230v\/"},"modified":"2026-03-30T13:11:20","modified_gmt":"2026-03-30T10:11:20","slug":"actulux-wind-and-rain-sensor-24-230v","status":"publish","type":"product","link":"https:\/\/delkatek.ee\/en\/product\/actulux-wind-and-rain-sensor-24-230v\/","title":{"rendered":"Actulux wind and rain sensor 24\/230V"},"content":{"rendered":"<p data-start=\"92\" data-end=\"266\">Actulux wind and rain sensor 24\/230V<br \/>\nThe Wind and Rain Sensor is developed for automatic control of smoke and comfort ventilation system and consists of a wind wheel and a rain sensor surface.<\/p>\n<p data-start=\"319\" data-end=\"435\">Both sensors are equipped with a potential free relay with a contact rating of 250VAC \/ 8A or 24VDC \/ 8A.<\/p>\n<p data-start=\"437\" data-end=\"638\">In case of wind and \/ or rain the relay is activated. The settings for the wind trigger point is adjusted using rotary switch on the main PCB. <\/p>\n<p data-start=\"53\" data-end=\"65\"><strong data-start=\"53\" data-end=\"65\">Features<\/strong><\/p>\n<p data-start=\"67\" data-end=\"721\">Supply voltage:: 18\u201335 V AC \/ 20\u201335 V DC \/ 200\u2013250 V AC<br data-start=\"117\" data-end=\"120\">Contact output:: NO\u2013NC, 1 \u00d7 potential-free changeover switch with monitoring<br data-start=\"183\" data-end=\"186\">Contact load: 250 V AC \/ 2 A v\u00f5i 24 V DC \/ 2 A<br data-start=\"235\" data-end=\"238\">Dimensions: 80 \u00d7 160 \u00d7 55 mm (L \u00d7 K \u00d7 S \/ without wind wheel)<br data-start=\"295\" data-end=\"298\">Weight: 0,7 kg<br data-start=\"316\" data-end=\"319\">IP65<br data-start=\"336\" data-end=\"339\">Setting the window solution: Approx. 1 to 15 m\/s (+ 20%)<br data-start=\"388\" data-end=\"391\">Rain sensitivity: Adjustable 5%<br data-start=\"423\" data-end=\"426\"><br \/>The sensor must be cleaned regularly according to the level of contamination using a damp cloth (water only; do not use abrasive agents).<\/p>\n","protected":false},"excerpt":{"rendered":"<p>Actulux tuule- ja vihmaandur 24\/230V<\/p>\n","protected":false},"featured_media":6068,"comment_status":"closed","ping_status":"closed","template":"","meta":{"_acf_changed":false,"_price":"627","_stock":"0","_tribe_ticket_header":"","_tribe_default_ticket_provider":"","_tribe_ticket_capacity":"","_ticket_start_date":"","_ticket_end_date":"","_tribe_ticket_show_description":"","_tribe_ticket_show_not_going":false,"_tribe_ticket_use_global_stock":"","_tribe_ticket_global_stock_level":"","_global_stock_mode":"","_global_stock_cap":"","_tribe_rsvp_for_event":"","_tribe_ticket_going_count":"","_tribe_ticket_not_going_count":"","_tribe_tickets_list":"[]","_tribe_ticket_has_attendee_info_fields":false,"_EventAllDay":false,"_EventTimezone":"","_EventStartDate":"","_EventEndDate":"","_EventStartDateUTC":"","_EventEndDateUTC":"","_EventShowMap":false,"_EventShowMapLink":false,"_EventURL":"","_EventCost":"","_EventCostDescription":"","_EventCurrencySymbol":"","_EventCurrencyCode":"","_EventCurrencyPosition":"","_EventDateTimeSeparator":"","_EventTimeRangeSeparator":"","_EventOrganizerID":[],"_EventVenueID":[],"_OrganizerEmail":"","_OrganizerPhone":"","_OrganizerWebsite":"","_VenueAddress":"","_VenueCity":"","_VenueCountry":"","_VenueProvince":"","_VenueState":"","_VenueZip":"","_VenuePhone":"","_VenueURL":"","_VenueStateProvince":"","_VenueLat":"","_VenueLng":"","_VenueShowMap":false,"_VenueShowMapLink":false},"product_brand":[],"product_cat":[510],"product_tag":[],"class_list":{"0":"post-6104","1":"product","2":"type-product","3":"status-publish","4":"has-post-thumbnail","6":"product_cat-smoke-ventilation","8":"first","9":"outofstock","10":"taxable","11":"shipping-taxable","12":"purchasable","13":"product-type-simple"},"acf":[],"aioseo_notices":[],"_links":{"self":[{"href":"https:\/\/delkatek.ee\/en\/wp-json\/wp\/v2\/product\/6104","targetHints":{"allow":["GET"]}}],"collection":[{"href":"https:\/\/delkatek.ee\/en\/wp-json\/wp\/v2\/product"}],"about":[{"href":"https:\/\/delkatek.ee\/en\/wp-json\/wp\/v2\/types\/product"}],"replies":[{"embeddable":true,"href":"https:\/\/delkatek.ee\/en\/wp-json\/wp\/v2\/comments?post=6104"}],"wp:featuredmedia":[{"embeddable":true,"href":"https:\/\/delkatek.ee\/en\/wp-json\/wp\/v2\/media\/6068"}],"wp:attachment":[{"href":"https:\/\/delkatek.ee\/en\/wp-json\/wp\/v2\/media?parent=6104"}],"wp:term":[{"taxonomy":"product_brand","embeddable":true,"href":"https:\/\/delkatek.ee\/en\/wp-json\/wp\/v2\/product_brand?post=6104"},{"taxonomy":"product_cat","embeddable":true,"href":"https:\/\/delkatek.ee\/en\/wp-json\/wp\/v2\/product_cat?post=6104"},{"taxonomy":"product_tag","embeddable":true,"href":"https:\/\/delkatek.ee\/en\/wp-json\/wp\/v2\/product_tag?post=6104"}],"curies":[{"name":"wp","href":"https:\/\/api.w.org\/{rel}","templated":true}]}}