{"id":6791,"date":"2026-05-14T10:31:53","date_gmt":"2026-05-14T07:31:53","guid":{"rendered":"https:\/\/delkatek.ee\/?post_type=product&#038;p=6791"},"modified":"2026-05-14T12:33:00","modified_gmt":"2026-05-14T09:33:00","slug":"ds-2cd2047g3-li2uy2-8mm-4mp-ip","status":"publish","type":"product","link":"https:\/\/delkatek.ee\/en\/product\/ds-2cd2047g3-li2uy2-8mm-4mp-ip\/","title":{"rendered":"Hikvision DS-2CD2047G3-LI2UY(2.8mm) 4MP IP torukaamera"},"content":{"rendered":"<h1 data-start=\"0\" data-end=\"64\">4 MP Hikvision ColorVu Smart Hybrid Light mini-bullet IP-kaamera<\/h1>\n<h2>Sarnane toode viSari tootevalikust: <a href=\"https:\/\/delkatek.ee\/toode\/visar-vsc-ipt4bls4cf28-vsc-ipt4bls4cf28-ip-torukaamera-4mp-2-8mm-dual-light-50m-objekti-tuvastus\/\">IPT4BLs4cF28<\/a> v\u00f5i <a href=\"https:\/\/delkatek.ee\/toode\/visar-vsc-ipt4bldlf28-ip-torukaamera-4mp-dual-light-20m-white-light-30m-ir\/\">IPT4BLDLF28<\/a><\/h2>\n<p data-start=\"70\" data-end=\"410\">4 MP eraldusv\u00f5imega Hikvision ColorVu mini-bullet IP-kaamera sobib kohtadesse, kus on vaja selget v\u00e4rvilist pilti \u00f6\u00f6p\u00e4evaringselt, head helikvaliteeti ja t\u00e4psemat h\u00e4irete filtreerimist. ColorVu tehnoloogia v\u00f5imaldab saada v\u00e4rvilist pilti ka v\u00e4hese valgusega tingimustes, mis aitab paremini tuvastada inimesi, s\u00f5idukeid ja s\u00fcndmuste detaile.<\/p>\n<p data-start=\"673\" data-end=\"939\">Kaamera toetab inimeste ja s\u00f5idukite eristamist s\u00fcva\u00f5ppe p\u00f5hjal, mis aitab v\u00e4hendada tarbetuid h\u00e4ireteateid ning keskenduda p\u00e4riselt vajalikele s\u00fcndmustele. Sisseehitatud kahe mikrofoniga helilahendus v\u00f5imaldab kvaliteetset reaalajas heli edastamist ja salvestamist.<\/p>\n<p data-start=\"941\" data-end=\"1226\">Smart Hybrid Light \u00fchendab IR- ja valge valguse ning pakub kolme lisavalgustuse t\u00f6\u00f6re\u017eiimi. See annab paindlikuma lahenduse eri objektidele: vajadusel saab kasutada n\u00e4htamatut IR-valgust, v\u00e4rvilise pildi jaoks valget valgust v\u00f5i nutikat re\u017eiimi, mis aktiveerib valguse s\u00fcndmuse korral.<\/p>\n<p data-start=\"1228\" data-end=\"1445\">Kaamera on IP67 kaitseklassiga ning sobib kasutamiseks nii sise- kui ka v\u00e4listingimustes.<\/p>\n<p data-start=\"1447\" data-end=\"1464\"><strong data-start=\"1447\" data-end=\"1464\">P\u00f5hiomadused:<\/strong><\/p>\n<ul data-start=\"1466\" data-end=\"1962\">\n<li data-section-id=\"xdr6s2\" data-start=\"1466\" data-end=\"1500\">4 MP k\u00f5rge eraldusv\u00f5imega pilt<\/li>\n<li data-section-id=\"1b8a02n\" data-start=\"1501\" data-end=\"1562\">ColorVu tehnoloogia v\u00e4rvilise pildi jaoks \u00f6\u00f6p\u00e4evaringselt<\/li>\n<li data-section-id=\"hr9yuq\" data-start=\"1563\" data-end=\"1618\">HikAI-ISP m\u00fcrav\u00e4hendus parema pildikvaliteedi jaoks<\/li>\n<li data-section-id=\"16z9zqa\" data-start=\"1619\" data-end=\"1669\">Scene-adaptive WDR erinevate valgusolude jaoks<\/li>\n<li data-section-id=\"1twlvmn\" data-start=\"1670\" data-end=\"1720\">Inimeste ja s\u00f5idukite tuvastus s\u00fcva\u00f5ppe p\u00f5hjal<\/li>\n<li data-section-id=\"53qqsa\" data-start=\"1721\" data-end=\"1768\">Sisseehitatud kahe mikrofoniga helilahendus<\/li>\n<li data-section-id=\"3dhtz3\" data-start=\"1769\" data-end=\"1836\">Smart Hybrid Light: IR- ja valge valgus ning 3 valgustusre\u017eiimi<\/li>\n<li data-section-id=\"r2evnk\" data-start=\"1837\" data-end=\"1873\">Korrosioonikindel disain, NEMA4X<\/li>\n<li data-section-id=\"b0yl4w\" data-start=\"1874\" data-end=\"1913\">IP67 kaitseklass tolmu ja vee vastu<\/li>\n<li data-section-id=\"wyh4ok\" data-start=\"1914\" data-end=\"1962\">Sobib kasutamiseks sise- ja v\u00e4listingimustes<\/li>\n<\/ul>\n<p><strong>Tooteleht:<\/strong> <a href=\"https:\/\/delkatek.ee\/wp-content\/uploads\/2026\/05\/DS-2CD2047G3-LI2UY_Datasheet_202601405.pdf\">DS-2CD2047G3-LI2UY_Datasheet<\/a><\/p>\n<p><strong>Tootja koduleht:<\/strong> <a href=\"https:\/\/www.hikvision.com\/europe\/products\/IP-Products\/Network-Cameras\/Pro-Series-EasyIP-\/ds-2cd2047g3-li-2u-y\/?q=ds-2cd2047g3-li2uy-2.8mm-&amp;pageNum=1&amp;position=1&amp;hiksearch=true&amp;subName=DS-2CD2047G3-LI2UY\" target=\"_blank\" rel=\"noopener\">DS-2CD2047G3-LI(2U)Y &#8211; Network Cameras &#8211; Hikvision Europe<\/a><\/p>\n","protected":false},"excerpt":{"rendered":"<p>Hikvision DS-2CD2047G3-LI2UY(2.8mm) 4MP minitoru, valge, IP67, mikrofon<\/p>\n","protected":false},"featured_media":6801,"comment_status":"closed","ping_status":"closed","template":"","meta":{"_acf_changed":false,"_price":"309","_stock":"0","_tribe_ticket_header":"","_tribe_default_ticket_provider":"","_tribe_ticket_capacity":"","_ticket_start_date":"","_ticket_end_date":"","_tribe_ticket_show_description":"","_tribe_ticket_show_not_going":false,"_tribe_ticket_use_global_stock":"","_tribe_ticket_global_stock_level":"","_global_stock_mode":"","_global_stock_cap":"","_tribe_rsvp_for_event":"","_tribe_ticket_going_count":"","_tribe_ticket_not_going_count":"","_tribe_tickets_list":"[]","_tribe_ticket_has_attendee_info_fields":false,"_EventAllDay":false,"_EventTimezone":"","_EventStartDate":"","_EventEndDate":"","_EventStartDateUTC":"","_EventEndDateUTC":"","_EventShowMap":false,"_EventShowMapLink":false,"_EventURL":"","_EventCost":"","_EventCostDescription":"","_EventCurrencySymbol":"","_EventCurrencyCode":"","_EventCurrencyPosition":"","_EventDateTimeSeparator":"","_EventTimeRangeSeparator":"","_EventOrganizerID":[],"_EventVenueID":[],"_OrganizerEmail":"","_OrganizerPhone":"","_OrganizerWebsite":"","_VenueAddress":"","_VenueCity":"","_VenueCountry":"","_VenueProvince":"","_VenueState":"","_VenueZip":"","_VenuePhone":"","_VenueURL":"","_VenueStateProvince":"","_VenueLat":"","_VenueLng":"","_VenueShowMap":false,"_VenueShowMapLink":false},"product_brand":[],"product_cat":[530,521,529],"product_tag":[],"class_list":{"0":"post-6791","1":"product","2":"type-product","3":"status-publish","4":"has-post-thumbnail","6":"product_cat-toru-hik","7":"product_cat-hikvision","8":"product_cat-ip-hik","9":"pa_tarneaeg-2-3-work-days","11":"first","12":"onbackorder","13":"taxable","14":"shipping-taxable","15":"purchasable","16":"product-type-simple"},"acf":[],"aioseo_notices":[],"_links":{"self":[{"href":"https:\/\/delkatek.ee\/en\/wp-json\/wp\/v2\/product\/6791","targetHints":{"allow":["GET"]}}],"collection":[{"href":"https:\/\/delkatek.ee\/en\/wp-json\/wp\/v2\/product"}],"about":[{"href":"https:\/\/delkatek.ee\/en\/wp-json\/wp\/v2\/types\/product"}],"replies":[{"embeddable":true,"href":"https:\/\/delkatek.ee\/en\/wp-json\/wp\/v2\/comments?post=6791"}],"wp:featuredmedia":[{"embeddable":true,"href":"https:\/\/delkatek.ee\/en\/wp-json\/wp\/v2\/media\/6801"}],"wp:attachment":[{"href":"https:\/\/delkatek.ee\/en\/wp-json\/wp\/v2\/media?parent=6791"}],"wp:term":[{"taxonomy":"product_brand","embeddable":true,"href":"https:\/\/delkatek.ee\/en\/wp-json\/wp\/v2\/product_brand?post=6791"},{"taxonomy":"product_cat","embeddable":true,"href":"https:\/\/delkatek.ee\/en\/wp-json\/wp\/v2\/product_cat?post=6791"},{"taxonomy":"product_tag","embeddable":true,"href":"https:\/\/delkatek.ee\/en\/wp-json\/wp\/v2\/product_tag?post=6791"}],"curies":[{"name":"wp","href":"https:\/\/api.w.org\/{rel}","templated":true}]}}